{"id":399,"date":"2025-05-12T02:51:33","date_gmt":"2025-05-12T02:51:33","guid":{"rendered":"https:\/\/southlandinsurancesvcs.com\/?page_id=399"},"modified":"2025-07-09T17:57:30","modified_gmt":"2025-07-09T17:57:30","slug":"tax-professionals","status":"publish","type":"page","link":"https:\/\/southlandinsurancesvcs.com\/es\/tax-professionals\/","title":{"rendered":"Aliados"},"content":{"rendered":"<div data-elementor-type=\"wp-page\" data-elementor-id=\"399\" class=\"elementor elementor-399\" data-elementor-post-type=\"page\">\n\t\t\t\t<div class=\"elementor-element elementor-element-33e1ab3 e-con-full e-flex e-con e-parent\" data-id=\"33e1ab3\" data-element_type=\"container\" data-e-type=\"container\" data-settings=\"{&quot;background_background&quot;:&quot;classic&quot;,&quot;jet_parallax_layout_list&quot;:[]}\">\n\t\t<div class=\"elementor-element elementor-element-0e847af e-flex e-con-boxed e-con e-child\" data-id=\"0e847af\" data-element_type=\"container\" data-e-type=\"container\" data-settings=\"{&quot;jet_parallax_layout_list&quot;:[]}\">\n\t\t\t\t\t<div class=\"e-con-inner\">\n\t\t<div class=\"elementor-element elementor-element-6bf6e99 e-con-full e-flex e-con e-child\" data-id=\"6bf6e99\" data-element_type=\"container\" data-e-type=\"container\" data-settings=\"{&quot;jet_parallax_layout_list&quot;:[]}\">\n\t\t<div class=\"elementor-element elementor-element-23f1562 e-con-full e-flex e-con e-child\" data-id=\"23f1562\" data-element_type=\"container\" data-e-type=\"container\" data-settings=\"{&quot;jet_parallax_layout_list&quot;:[]}\">\n\t\t\t\t<div class=\"elementor-element elementor-element-cc4d0fe elementor-widget elementor-widget-heading\" data-id=\"cc4d0fe\" data-element_type=\"widget\" data-e-type=\"widget\" data-widget_type=\"heading.default\">\n\t\t\t\t<div class=\"elementor-widget-container\">\n\t\t\t\t\t<h2 class=\"elementor-heading-title elementor-size-default\">Programas especializados para socios de referencia como usted<\/h2>\t\t\t\t<\/div>\n\t\t\t\t<\/div>\n\t\t\t\t<\/div>\n\t\t<div class=\"elementor-element elementor-element-a38a2c0 e-con-full e-flex e-con e-child\" data-id=\"a38a2c0\" data-element_type=\"container\" data-e-type=\"container\" data-settings=\"{&quot;jet_parallax_layout_list&quot;:[]}\">\n\t\t\t\t<div class=\"elementor-element elementor-element-6321ecb elementor-widget elementor-widget-heading\" data-id=\"6321ecb\" data-element_type=\"widget\" data-e-type=\"widget\" data-widget_type=\"heading.default\">\n\t\t\t\t<div class=\"elementor-widget-container\">\n\t\t\t\t\t<p class=\"elementor-heading-title elementor-size-default\">En Southland Insurance Services, comprendemos los riesgos \u00fanicos que enfrentan los profesionales de impuestos. Obtenga una cobertura integral dise\u00f1ada para proteger su negocio, su reputaci\u00f3n y su tranquilidad.<\/p>\t\t\t\t<\/div>\n\t\t\t\t<\/div>\n\t\t\t\t<\/div>\n\t\t<div class=\"elementor-element elementor-element-0ead0c9 e-con-full e-flex e-con e-child\" data-id=\"0ead0c9\" data-element_type=\"container\" data-e-type=\"container\" data-settings=\"{&quot;jet_parallax_layout_list&quot;:[]}\">\n\t\t<div class=\"elementor-element elementor-element-97fe9a2 e-con-full e-flex e-con e-child\" data-id=\"97fe9a2\" data-element_type=\"container\" data-e-type=\"container\" data-settings=\"{&quot;jet_parallax_layout_list&quot;:[]}\">\n\t\t\t\t<div class=\"elementor-element elementor-element-a80328f elementor-align-center elementor-widget elementor-widget-button\" data-id=\"a80328f\" data-element_type=\"widget\" data-e-type=\"widget\" data-widget_type=\"button.default\">\n\t\t\t\t<div class=\"elementor-widget-container\">\n\t\t\t\t\t\t\t\t\t<div class=\"elementor-button-wrapper\">\n\t\t\t\t\t<a class=\"elementor-button elementor-button-link elementor-size-sm\" href=\"#down\">\n\t\t\t\t\t\t<span class=\"elementor-button-content-wrapper\">\n\t\t\t\t\t\t\t\t\t<span class=\"elementor-button-text\">Informaci\u00f3n sobre nuestros programas<\/span>\n\t\t\t\t\t<\/span>\n\t\t\t\t\t<\/a>\n\t\t\t\t<\/div>\n\t\t\t\t\t\t\t\t<\/div>\n\t\t\t\t<\/div>\n\t\t\t\t<\/div>\n\t\t\t\t<\/div>\n\t\t\t\t<\/div>\n\t\t\t\t\t<\/div>\n\t\t\t\t<\/div>\n\t\t\t\t<\/div>\n\t\t<div class=\"elementor-element elementor-element-140c589 e-con-full e-flex e-con e-parent\" data-id=\"140c589\" data-element_type=\"container\" data-e-type=\"container\" data-settings=\"{&quot;background_background&quot;:&quot;classic&quot;,&quot;jet_parallax_layout_list&quot;:[]}\">\n\t\t<div class=\"elementor-element elementor-element-250e1fb e-flex e-con-boxed e-con e-child\" data-id=\"250e1fb\" data-element_type=\"container\" data-e-type=\"container\" data-settings=\"{&quot;jet_parallax_layout_list&quot;:[]}\">\n\t\t\t\t\t<div class=\"e-con-inner\">\n\t\t<div class=\"elementor-element elementor-element-c20e85e e-con-full e-flex e-con e-child\" data-id=\"c20e85e\" data-element_type=\"container\" data-e-type=\"container\" data-settings=\"{&quot;jet_parallax_layout_list&quot;:[]}\">\n\t\t\t\t<div class=\"elementor-element elementor-element-36881da elementor-widget elementor-widget-heading\" data-id=\"36881da\" data-element_type=\"widget\" data-e-type=\"widget\" data-widget_type=\"heading.default\">\n\t\t\t\t<div class=\"elementor-widget-container\">\n\t\t\t\t\t<h2 class=\"elementor-heading-title elementor-size-default\">Navigating the Complexities of Tax Season? <br \/>We've Got You Covered.<\/h2>\t\t\t\t<\/div>\n\t\t\t\t<\/div>\n\t\t\t\t<\/div>\n\t\t<div class=\"elementor-element elementor-element-504d0d4 e-con-full e-flex e-con e-child\" data-id=\"504d0d4\" data-element_type=\"container\" data-e-type=\"container\" data-settings=\"{&quot;jet_parallax_layout_list&quot;:[]}\">\n\t\t\t\t<div class=\"elementor-element elementor-element-7e6d3e3 elementor-widget elementor-widget-heading\" data-id=\"7e6d3e3\" data-element_type=\"widget\" data-e-type=\"widget\" data-widget_type=\"heading.default\">\n\t\t\t\t<div class=\"elementor-widget-container\">\n\t\t\t\t\t<p class=\"elementor-heading-title elementor-size-default\">El mundo fiscal est\u00e1 plagado de posibles riesgos. Desde errores involuntarios hasta ciberamenazas en constante evoluci\u00f3n, su despacho necesita una protecci\u00f3n s\u00f3lida.<\/p>\t\t\t\t<\/div>\n\t\t\t\t<\/div>\n\t\t\t\t<\/div>\n\t\t<div class=\"elementor-element elementor-element-68cc6c8 e-con-full e-flex e-con e-child\" data-id=\"68cc6c8\" data-element_type=\"container\" data-e-type=\"container\" data-settings=\"{&quot;jet_parallax_layout_list&quot;:[]}\">\n\t\t<div class=\"elementor-element elementor-element-181c44a e-con-full e-flex e-con e-child\" data-id=\"181c44a\" data-element_type=\"container\" data-e-type=\"container\" data-settings=\"{&quot;jet_parallax_layout_list&quot;:[]}\">\n\t\t\t\t<div class=\"elementor-element elementor-element-ace5285 elementor-view-default elementor-position-block-start elementor-mobile-position-block-start elementor-widget elementor-widget-icon-box\" data-id=\"ace5285\" data-element_type=\"widget\" data-e-type=\"widget\" data-widget_type=\"icon-box.default\">\n\t\t\t\t<div class=\"elementor-widget-container\">\n\t\t\t\t\t\t\t<div class=\"elementor-icon-box-wrapper\">\n\n\t\t\t\t\t\t<div class=\"elementor-icon-box-icon\">\n\t\t\t\t<span  class=\"elementor-icon\">\n\t\t\t\t<svg xmlns:sketch=\"http:\/\/www.bohemiancoding.com\/sketch\/ns\" xmlns=\"http:\/\/www.w3.org\/2000\/svg\" xmlns:xlink=\"http:\/\/www.w3.org\/1999\/xlink\" id=\"Layer_1\" width=\"800px\" height=\"800px\" viewbox=\"0 0 56 64\" xml:space=\"preserve\" fill=\"#E57C23\"><g id=\"SVGRepo_bgCarrier\" stroke-width=\"0\"><\/g><g id=\"SVGRepo_tracerCarrier\" stroke-linecap=\"round\" stroke-linejoin=\"round\"><\/g><g id=\"SVGRepo_iconCarrier\"> <title>Document-error<\/title> <desc>Creado con Sketch.<\/desc> <g id=\"Page-1\" sketch:type=\"MSPage\"> <g transform=\"translate(1.000000, 1.000000)\" sketch:type=\"MSLayerGroup\"> <path id=\"Shape_1_\" sketch:type=\"MSShapeGroup\" fill=\"none\" stroke=\"#E57C23\" stroke-width=\"2\" d=\"M47,57v3c0,1.1-0.9,2-2,2H2 c-1.1,0-2-0.9-2-2V2c0-1.1,0.9-2,2-2h25.9L47,18.1v26.5\"><\/path> <path id=\"Shape\" sketch:type=\"MSShapeGroup\" fill=\"none\" stroke=\"#E57C23\" stroke-width=\"2\" d=\"M47,18.9H30c-1.1,0-2-0.9-2-2V1\"><\/path> <path id=\"Shape_2_\" sketch:type=\"MSShapeGroup\" fill=\"none\" stroke=\"#E57C23\" stroke-width=\"2\" d=\"M9,17h13\"><\/path> <path id=\"Shape_3_\" sketch:type=\"MSShapeGroup\" fill=\"none\" stroke=\"#E57C23\" stroke-width=\"2\" d=\"M9,27h31\"><\/path> <path id=\"Shape_4_\" sketch:type=\"MSShapeGroup\" fill=\"none\" stroke=\"#E57C23\" stroke-width=\"2\" d=\"M9,34h31\"><\/path> <path id=\"Shape_5_\" sketch:type=\"MSShapeGroup\" fill=\"none\" stroke=\"#E57C23\" stroke-width=\"2\" d=\"M9,43h26\"><\/path> <path id=\"Shape_6_\" sketch:type=\"MSShapeGroup\" fill=\"none\" stroke=\"#E57C23\" stroke-width=\"2\" d=\"M9,49h18\"><\/path> <path id=\"Shape_7_\" sketch:type=\"MSShapeGroup\" fill=\"none\" stroke=\"#E57C23\" stroke-width=\"2\" d=\"M41.6,58.8l3.5-3.6l3.4,3.5 l4.3-4.2L49.3,51l3.5-3.5l-4.3-4.3L45,46.7l-3.5-3.5l-4.2,4.3l3.5,3.4l-3.6,3.5L41.6,58.8z\"><\/path> <\/g> <\/g> <\/g><\/svg>\t\t\t\t<\/span>\n\t\t\t<\/div>\n\t\t\t\n\t\t\t\t\t\t<div class=\"elementor-icon-box-content\">\n\n\t\t\t\t\t\t\t\t\t<h3 class=\"elementor-icon-box-title\">\n\t\t\t\t\t\t<span  >\n\t\t\t\t\t\t\tRisk of Errors &amp; Omissions?\t\t\t\t\t\t<\/span>\n\t\t\t\t\t<\/h3>\n\t\t\t\t\n\t\t\t\t\t\t\t\t\t<p class=\"elementor-icon-box-description\">\n\t\t\t\t\t\tIncluso los preparadores de impuestos m\u00e1s meticulosos pueden cometer errores. Un simple descuido podr\u00eda resultar en costosas reclamaciones de clientes y perjudicar su reputaci\u00f3n profesional.\t\t\t\t\t<\/p>\n\t\t\t\t\n\t\t\t<\/div>\n\t\t\t\n\t\t<\/div>\n\t\t\t\t\t\t<\/div>\n\t\t\t\t<\/div>\n\t\t\t\t<\/div>\n\t\t<div class=\"elementor-element elementor-element-07da6ed e-con-full e-flex e-con e-child\" data-id=\"07da6ed\" data-element_type=\"container\" data-e-type=\"container\" data-settings=\"{&quot;jet_parallax_layout_list&quot;:[]}\">\n\t\t\t\t<div class=\"elementor-element elementor-element-515b723 elementor-view-default elementor-position-block-start elementor-mobile-position-block-start elementor-widget elementor-widget-icon-box\" data-id=\"515b723\" data-element_type=\"widget\" data-e-type=\"widget\" data-widget_type=\"icon-box.default\">\n\t\t\t\t<div class=\"elementor-widget-container\">\n\t\t\t\t\t\t\t<div class=\"elementor-icon-box-wrapper\">\n\n\t\t\t\t\t\t<div class=\"elementor-icon-box-icon\">\n\t\t\t\t<span  class=\"elementor-icon\">\n\t\t\t\t<svg xmlns=\"http:\/\/www.w3.org\/2000\/svg\" xmlns:xlink=\"http:\/\/www.w3.org\/1999\/xlink\" fill=\"#E57C23\" id=\"Layer_1\" viewbox=\"0 0 32 32\" xml:space=\"preserve\" width=\"800px\" height=\"800px\"><g id=\"SVGRepo_bgCarrier\" stroke-width=\"0\"><\/g><g id=\"SVGRepo_tracerCarrier\" stroke-linecap=\"round\" stroke-linejoin=\"round\"><\/g><g id=\"SVGRepo_iconCarrier\"> <g> <path d=\"M16,31.36C9.185,31.36,3.64,25.815,3.64,19V6c0-0.199,0.161-0.36,0.36-0.36c4.354,0,8.635-1.784,11.746-4.895 c0.141-0.141,0.368-0.141,0.509,0C19.365,3.856,23.646,5.64,28,5.64c0.199,0,0.36,0.161,0.36,0.36v13 C28.36,25.815,22.815,31.36,16,31.36z M4.36,6.356V19c0,6.418,5.222,11.64,11.64,11.64S27.64,25.418,27.64,19V6.356 C23.339,6.263,19.134,4.511,16,1.504C12.866,4.511,8.661,6.263,4.36,6.356z M21.36,22h-0.72v-1.5c0-2.088-1.379-3.864-3.433-4.419 c-0.146-0.04-0.25-0.165-0.265-0.314c-0.014-0.15,0.066-0.292,0.201-0.358c0.909-0.439,1.496-1.385,1.496-2.409 c0-1.456-1.184-2.64-2.64-2.64s-2.64,1.185-2.64,2.64c0,1.023,0.587,1.969,1.497,2.409c0.135,0.065,0.216,0.208,0.202,0.358 c-0.014,0.149-0.12,0.274-0.265,0.314c-2.054,0.555-3.434,2.332-3.434,4.419V22h-0.72v-1.5c0-2.163,1.275-4.036,3.243-4.866 C13.111,14.999,12.64,14.03,12.64,13c0-1.853,1.507-3.36,3.36-3.36s3.36,1.507,3.36,3.36c0,1.03-0.471,1.999-1.243,2.634 c1.968,0.83,3.243,2.703,3.243,4.866V22z\"><\/path> <\/g> <rect id=\"_Transparent_Rectangle\" style=\"fill:none;\" width=\"32\" height=\"32\"><\/rect> <\/g><\/svg>\t\t\t\t<\/span>\n\t\t\t<\/div>\n\t\t\t\n\t\t\t\t\t\t<div class=\"elementor-icon-box-content\">\n\n\t\t\t\t\t\t\t\t\t<h3 class=\"elementor-icon-box-title\">\n\t\t\t\t\t\t<span  >\n\t\t\t\t\t\t\t\u00bfPreocupado por las violaciones de datos?\t\t\t\t\t\t<\/span>\n\t\t\t\t\t<\/h3>\n\t\t\t\t\n\t\t\t\t\t\t\t\t\t<p class=\"elementor-icon-box-description\">\n\t\t\t\t\t\tEl manejo de datos confidenciales de clientes lo convierte en blanco de ciberdelincuentes. Una filtraci\u00f3n de datos puede resultar en p\u00e9rdidas financieras significativas y un da\u00f1o a la reputaci\u00f3n.\t\t\t\t\t<\/p>\n\t\t\t\t\n\t\t\t<\/div>\n\t\t\t\n\t\t<\/div>\n\t\t\t\t\t\t<\/div>\n\t\t\t\t<\/div>\n\t\t\t\t<\/div>\n\t\t<div class=\"elementor-element elementor-element-ab80255 e-con-full e-flex e-con e-child\" data-id=\"ab80255\" data-element_type=\"container\" data-e-type=\"container\" data-settings=\"{&quot;jet_parallax_layout_list&quot;:[]}\">\n\t\t\t\t<div class=\"elementor-element elementor-element-8ff178e elementor-view-default elementor-position-block-start elementor-mobile-position-block-start elementor-widget elementor-widget-icon-box\" data-id=\"8ff178e\" data-element_type=\"widget\" data-e-type=\"widget\" data-widget_type=\"icon-box.default\">\n\t\t\t\t<div class=\"elementor-widget-container\">\n\t\t\t\t\t\t\t<div class=\"elementor-icon-box-wrapper\">\n\n\t\t\t\t\t\t<div class=\"elementor-icon-box-icon\">\n\t\t\t\t<span  class=\"elementor-icon\">\n\t\t\t\t<svg xmlns=\"http:\/\/www.w3.org\/2000\/svg\" xmlns:xlink=\"http:\/\/www.w3.org\/1999\/xlink\" fill=\"#E57C23\" width=\"800px\" height=\"800px\" viewbox=\"0 0 36 36\" preserveaspectratio=\"xMidYMid meet\"><g id=\"SVGRepo_bgCarrier\" stroke-width=\"0\"><\/g><g id=\"SVGRepo_tracerCarrier\" stroke-linecap=\"round\" stroke-linejoin=\"round\"><\/g><g id=\"SVGRepo_iconCarrier\"><title>gavel-line<\/title><path d=\"M23.7,10.41a1,1,0,0,1-.71-.29L15.56,2.69A1,1,0,0,1,17,1.28l7.44,7.43a1,1,0,0,1-.71,1.7Z\"><\/path><path d=\"M11.86,22.25a1,1,0,0,0-.29-.71L4.14,14.11a1,1,0,0,0-1.42,1.42L10.15,23a1,1,0,0,0,1.42,0A1,1,0,0,0,11.86,22.25Z\"><\/path><path d=\"M21.93,34H3a1,1,0,0,1-1-1.27l1.13-4a1,1,0,0,1,1-.73H20.8a1,1,0,0,1,1,.73l1.13,4a1,1,0,0,1-.17.87A1,1,0,0,1,21.93,34ZM4.31,32H20.6L20,30H4.87Z\"><\/path><path d=\"M33.11,27.44l-14-14,2.36-2.36L14.52,4.13,5.58,13.07,12.51,20l2.35-2.34,14,14a3,3,0,0,0,4.24,0A3,3,0,0,0,33.11,27.44ZM8.4,13.07,14.52,7l4.11,4.11-6.12,6.11Zm23.29,17.2a1,1,0,0,1-1.41,0l-14-14,1.41-1.41,14,14A1,1,0,0,1,31.69,30.27Z\"><\/path><rect x=\"0\" y=\"0\" width=\"36\" height=\"36\" fill-opacity=\"0\"><\/rect><\/g><\/svg>\t\t\t\t<\/span>\n\t\t\t<\/div>\n\t\t\t\n\t\t\t\t\t\t<div class=\"elementor-icon-box-content\">\n\n\t\t\t\t\t\t\t\t\t<h3 class=\"elementor-icon-box-title\">\n\t\t\t\t\t\t<span  >\n\t\t\t\t\t\t\t\u00bfSe enfrenta a posibles disputas con clientes?\t\t\t\t\t\t<\/span>\n\t\t\t\t\t<\/h3>\n\t\t\t\t\n\t\t\t\t\t\t\t\t\t<p class=\"elementor-icon-box-description\">\n\t\t\t\t\t\tLos malentendidos o desacuerdos pueden agravarse. Aseg\u00farese de contar con el apoyo necesario para gestionar las disputas de forma profesional y proteger su negocio.\t\t\t\t\t<\/p>\n\t\t\t\t\n\t\t\t<\/div>\n\t\t\t\n\t\t<\/div>\n\t\t\t\t\t\t<\/div>\n\t\t\t\t<\/div>\n\t\t\t\t<\/div>\n\t\t\t\t<\/div>\n\t\t<div class=\"elementor-element elementor-element-791806b e-con-full e-flex e-con e-child\" data-id=\"791806b\" data-element_type=\"container\" data-e-type=\"container\" data-settings=\"{&quot;jet_parallax_layout_list&quot;:[]}\">\n\t\t\t\t<div class=\"elementor-element elementor-element-6846bea elementor-align-center elementor-widget elementor-widget-button\" data-id=\"6846bea\" data-element_type=\"widget\" data-e-type=\"widget\" data-widget_type=\"button.default\">\n\t\t\t\t<div class=\"elementor-widget-container\">\n\t\t\t\t\t\t\t\t\t<div class=\"elementor-button-wrapper\">\n\t\t\t\t\t<a class=\"elementor-button elementor-button-link elementor-size-sm\" href=\"https:\/\/southlandinsurancesvcs.com\/services\/\">\n\t\t\t\t\t\t<span class=\"elementor-button-content-wrapper\">\n\t\t\t\t\t\t\t\t\t<span class=\"elementor-button-text\">Obtenga m\u00e1s informaci\u00f3n sobre nuestra cobertura<\/span>\n\t\t\t\t\t<\/span>\n\t\t\t\t\t<\/a>\n\t\t\t\t<\/div>\n\t\t\t\t\t\t\t\t<\/div>\n\t\t\t\t<\/div>\n\t\t\t\t<\/div>\n\t\t\t\t\t<\/div>\n\t\t\t\t<\/div>\n\t\t\t\t<\/div>\n\t\t<div class=\"elementor-element elementor-element-536f74f e-con-full e-flex e-con e-parent\" data-id=\"536f74f\" data-element_type=\"container\" data-e-type=\"container\" id=\"down\" data-settings=\"{&quot;background_background&quot;:&quot;classic&quot;,&quot;jet_parallax_layout_list&quot;:[]}\">\n\t\t<div class=\"elementor-element elementor-element-b942096 e-flex e-con-boxed e-con e-child\" data-id=\"b942096\" data-element_type=\"container\" data-e-type=\"container\" data-settings=\"{&quot;jet_parallax_layout_list&quot;:[]}\">\n\t\t\t\t\t<div class=\"e-con-inner\">\n\t\t<div class=\"elementor-element elementor-element-301dcbb e-con-full e-flex e-con e-child\" data-id=\"301dcbb\" data-element_type=\"container\" data-e-type=\"container\" data-settings=\"{&quot;jet_parallax_layout_list&quot;:[]}\">\n\t\t<div class=\"elementor-element elementor-element-cacfba8 e-con-full e-flex elementor-invisible e-con e-child\" data-id=\"cacfba8\" data-element_type=\"container\" data-e-type=\"container\" data-settings=\"{&quot;jet_parallax_layout_list&quot;:[],&quot;animation&quot;:&quot;slideInLeft&quot;}\">\n\t\t\t\t<div class=\"elementor-element elementor-element-894f5ee elementor-widget elementor-widget-image\" data-id=\"894f5ee\" data-element_type=\"widget\" data-e-type=\"widget\" data-widget_type=\"image.default\">\n\t\t\t\t<div class=\"elementor-widget-container\">\n\t\t\t\t\t\t\t\t\t\t\t\t\t\t\t<img fetchpriority=\"high\" decoding=\"async\" width=\"683\" height=\"1024\" src=\"https:\/\/southlandinsurancesvcs.com\/wp-content\/uploads\/2025\/06\/doing-handshake-with-customer-young-african-ameri-2025-03-18-19-35-10-utc-683x1024.jpg\" class=\"attachment-large size-large wp-image-691\" alt=\"\" srcset=\"https:\/\/southlandinsurancesvcs.com\/wp-content\/uploads\/2025\/06\/doing-handshake-with-customer-young-african-ameri-2025-03-18-19-35-10-utc-683x1024.jpg 683w, https:\/\/southlandinsurancesvcs.com\/wp-content\/uploads\/2025\/06\/doing-handshake-with-customer-young-african-ameri-2025-03-18-19-35-10-utc-200x300.jpg 200w, https:\/\/southlandinsurancesvcs.com\/wp-content\/uploads\/2025\/06\/doing-handshake-with-customer-young-african-ameri-2025-03-18-19-35-10-utc-768x1152.jpg 768w, https:\/\/southlandinsurancesvcs.com\/wp-content\/uploads\/2025\/06\/doing-handshake-with-customer-young-african-ameri-2025-03-18-19-35-10-utc-1024x1536.jpg 1024w, https:\/\/southlandinsurancesvcs.com\/wp-content\/uploads\/2025\/06\/doing-handshake-with-customer-young-african-ameri-2025-03-18-19-35-10-utc-1365x2048.jpg 1365w, https:\/\/southlandinsurancesvcs.com\/wp-content\/uploads\/2025\/06\/doing-handshake-with-customer-young-african-ameri-2025-03-18-19-35-10-utc-8x12.jpg 8w, https:\/\/southlandinsurancesvcs.com\/wp-content\/uploads\/2025\/06\/doing-handshake-with-customer-young-african-ameri-2025-03-18-19-35-10-utc-scaled.jpg 1707w\" sizes=\"(max-width: 683px) 100vw, 683px\" \/>\t\t\t\t\t\t\t\t\t\t\t\t\t\t\t<\/div>\n\t\t\t\t<\/div>\n\t\t\t\t<\/div>\n\t\t<div class=\"elementor-element elementor-element-17e9e0a e-con-full e-flex elementor-invisible e-con e-child\" data-id=\"17e9e0a\" data-element_type=\"container\" data-e-type=\"container\" data-settings=\"{&quot;jet_parallax_layout_list&quot;:[],&quot;animation&quot;:&quot;slideInRight&quot;}\">\n\t\t<div class=\"elementor-element elementor-element-e7463cf e-con-full e-flex e-con e-child\" data-id=\"e7463cf\" data-element_type=\"container\" data-e-type=\"container\" data-settings=\"{&quot;jet_parallax_layout_list&quot;:[]}\">\n\t\t\t\t<div class=\"elementor-element elementor-element-e73a062 elementor-widget elementor-widget-heading\" data-id=\"e73a062\" data-element_type=\"widget\" data-e-type=\"widget\" data-widget_type=\"heading.default\">\n\t\t\t\t<div class=\"elementor-widget-container\">\n\t\t\t\t\t<h1 class=\"elementor-heading-title elementor-size-default\">Convi\u00e9rtete en un\nAgente de Seguros<\/h1>\t\t\t\t<\/div>\n\t\t\t\t<\/div>\n\t\t\t\t<div class=\"elementor-element elementor-element-907c232 elementor-widget elementor-widget-heading\" data-id=\"907c232\" data-element_type=\"widget\" data-e-type=\"widget\" data-widget_type=\"heading.default\">\n\t\t\t\t<div class=\"elementor-widget-container\">\n\t\t\t\t\t<h2 class=\"elementor-heading-title elementor-size-default\">Para su oficina de impuestos<\/h2>\t\t\t\t<\/div>\n\t\t\t\t<\/div>\n\t\t\t\t<\/div>\n\t\t<div class=\"elementor-element elementor-element-f6bdc30 e-con-full e-flex e-con e-child\" data-id=\"f6bdc30\" data-element_type=\"container\" data-e-type=\"container\" data-settings=\"{&quot;jet_parallax_layout_list&quot;:[]}\">\n\t\t\t\t<div class=\"elementor-element elementor-element-07f430c elementor-widget elementor-widget-text-editor\" data-id=\"07f430c\" data-element_type=\"widget\" data-e-type=\"widget\" data-widget_type=\"text-editor.default\">\n\t\t\t\t<div class=\"elementor-widget-container\">\n\t\t\t\t\t\t\t\t\t<p>\u00a1Bienvenido al futuro de la gesti\u00f3n de seguros y la preparaci\u00f3n de impuestos! Con nuestro servicio, podr\u00e1 integrar la gesti\u00f3n de seguros directamente desde su oficina de contabilidad, lo que le permitir\u00e1 optimizar su tiempo y recursos.<\/p>\t\t\t\t\t\t\t\t<\/div>\n\t\t\t\t<\/div>\n\t\t\t\t<\/div>\n\t\t<div class=\"elementor-element elementor-element-c02e2a6 e-con-full e-flex e-con e-child\" data-id=\"c02e2a6\" data-element_type=\"container\" data-e-type=\"container\" data-settings=\"{&quot;jet_parallax_layout_list&quot;:[]}\">\n\t\t\t\t<div class=\"elementor-element elementor-element-778fccd elementor-align-center elementor-widget elementor-widget-button\" data-id=\"778fccd\" data-element_type=\"widget\" data-e-type=\"widget\" data-widget_type=\"button.default\">\n\t\t\t\t<div class=\"elementor-widget-container\">\n\t\t\t\t\t\t\t\t\t<div class=\"elementor-button-wrapper\">\n\t\t\t\t\t<a class=\"elementor-button elementor-button-link elementor-size-sm\" href=\"https:\/\/southlandinsurancesvcs.com\/contact\/\">\n\t\t\t\t\t\t<span class=\"elementor-button-content-wrapper\">\n\t\t\t\t\t\t\t\t\t<span class=\"elementor-button-text\">Iniciar ahora<\/span>\n\t\t\t\t\t<\/span>\n\t\t\t\t\t<\/a>\n\t\t\t\t<\/div>\n\t\t\t\t\t\t\t\t<\/div>\n\t\t\t\t<\/div>\n\t\t\t\t<\/div>\n\t\t\t\t<\/div>\n\t\t\t\t<\/div>\n\t\t\t\t\t<\/div>\n\t\t\t\t<\/div>\n\t\t\t\t<\/div>\n\t\t\t\t<\/div>","protected":false},"excerpt":{"rendered":"<p>Specialized Programs for Referral Partners Like You At Southland Insurance Services, we understand the unique risks tax professionals face. Get comprehensive coverage designed to safeguard your business, your reputation, and your peace of mind. Learn More About Our Programs Navigating the Complexities of Tax Season? We&#8217;ve Got You Covered. The tax world is fraught with [&hellip;]<\/p>","protected":false},"author":1,"featured_media":0,"parent":0,"menu_order":0,"comment_status":"closed","ping_status":"closed","template":"","meta":{"footnotes":""},"class_list":["post-399","page","type-page","status-publish","hentry"],"_links":{"self":[{"href":"https:\/\/southlandinsurancesvcs.com\/es\/wp-json\/wp\/v2\/pages\/399","targetHints":{"allow":["GET"]}}],"collection":[{"href":"https:\/\/southlandinsurancesvcs.com\/es\/wp-json\/wp\/v2\/pages"}],"about":[{"href":"https:\/\/southlandinsurancesvcs.com\/es\/wp-json\/wp\/v2\/types\/page"}],"author":[{"embeddable":true,"href":"https:\/\/southlandinsurancesvcs.com\/es\/wp-json\/wp\/v2\/users\/1"}],"replies":[{"embeddable":true,"href":"https:\/\/southlandinsurancesvcs.com\/es\/wp-json\/wp\/v2\/comments?post=399"}],"version-history":[{"count":82,"href":"https:\/\/southlandinsurancesvcs.com\/es\/wp-json\/wp\/v2\/pages\/399\/revisions"}],"predecessor-version":[{"id":1101,"href":"https:\/\/southlandinsurancesvcs.com\/es\/wp-json\/wp\/v2\/pages\/399\/revisions\/1101"}],"wp:attachment":[{"href":"https:\/\/southlandinsurancesvcs.com\/es\/wp-json\/wp\/v2\/media?parent=399"}],"curies":[{"name":"wp","href":"https:\/\/api.w.org\/{rel}","templated":true}]}}